{"id":7337,"date":"2025-02-24T11:56:01","date_gmt":"2025-02-24T10:56:01","guid":{"rendered":"https:\/\/www.siciliaquad.com\/?page_id=7337"},"modified":"2025-03-26T17:29:09","modified_gmt":"2025-03-26T16:29:09","slug":"termes-et-conditions","status":"publish","type":"page","link":"https:\/\/www.siciliaquad.com\/fr\/termes-et-conditions\/","title":{"rendered":"Termes et conditions"},"content":{"rendered":"\t\t<div data-elementor-type=\"wp-page\" data-elementor-id=\"7337\" class=\"elementor elementor-7337 elementor-6622\" data-elementor-post-type=\"page\">\n\t\t\t\t<div class=\"elementor-element elementor-element-09eabb3 e-flex e-con-boxed e-con e-parent\" data-id=\"09eabb3\" data-element_type=\"container\" data-e-type=\"container\">\n\t\t\t\t\t<div class=\"e-con-inner\">\n\t\t\t\t<div class=\"elementor-element elementor-element-f58d5da simple-text elementor-widget elementor-widget-text-editor\" data-id=\"f58d5da\" data-element_type=\"widget\" data-e-type=\"widget\" data-widget_type=\"text-editor.default\">\n\t\t\t\t<div class=\"elementor-widget-container\">\n\t\t\t\t\t\t\t\t\t<h2>Conditions G\u00e9n\u00e9rales pour les Excursions en Quad<\/h2><h3>\u00a0<\/h3><h3>1. Introduction<\/h3><p>Bienvenue dans notre service d&rsquo;excursions en quad. En participant \u00e0 nos tours, vous acceptez les conditions g\u00e9n\u00e9rales suivantes.<\/p><h3>2. R\u00e9servation et Paiement<\/h3><ul><li>Le paiement de l&rsquo;excursion se fait le jour de la sortie, avant le d\u00e9but de l&rsquo;activit\u00e9.<\/li><li>Nous acceptons les paiements en esp\u00e8ces et par carte de cr\u00e9dit\/d\u00e9bit.<\/li><\/ul><h3>3. Politique d&rsquo;Annulation<\/h3><ul><li>L&rsquo;annulation de la r\u00e9servation est gratuite.<\/li><li>Nous vous demandons de nous informer d\u00e8s que possible en cas d&rsquo;impossibilit\u00e9 de participer.<\/li><\/ul><h3>4. Conditions de Participation<\/h3><ul><li>Le conducteur doit \u00eatre en possession d&rsquo;un permis de conduire de type B en cours de validit\u00e9.<\/li><li>Chaque quad peut accueillir un maximum de deux passagers.<\/li><li>L&rsquo;\u00e2ge minimum pour les passagers est de 6 ans.<\/li><\/ul><h3>5. S\u00e9curit\u00e9 et \u00c9quipement<\/h3><ul><li>Nous fournissons des casques de protection obligatoires pour tous les participants.<\/li><li>Il est obligatoire de respecter les consignes du guide et de suivre les itin\u00e9raires pr\u00e9vus.<\/li><li>L&rsquo;utilisation d&rsquo;alcool et de substances illicites avant ou pendant le tour est strictement interdite.<\/li><\/ul><h3>6. Responsabilit\u00e9 et Assurance<\/h3><ul><li>Les participants sont responsables des dommages caus\u00e9s par une utilisation incorrecte du quad.<\/li><li>L&rsquo;organisateur de l&rsquo;excursion n&rsquo;est pas responsable des blessures r\u00e9sultant d&rsquo;un comportement n\u00e9gligent des participants.<\/li><li>Chaque participant doit signer une d\u00e9charge de responsabilit\u00e9 avant le d\u00e9but de l&rsquo;excursion.<\/li><\/ul><h3>7. Conditions M\u00e9t\u00e9orologiques<\/h3><ul><li>En cas de conditions m\u00e9t\u00e9orologiques d\u00e9favorables, l&rsquo;excursion sera annul\u00e9e pour des raisons de s\u00e9curit\u00e9.<\/li><li>En cas d&rsquo;annulation par l&rsquo;organisation, une nouvelle date sera propos\u00e9e ou un remboursement total sera effectu\u00e9.<\/li><\/ul><h3>8. Modifications des Conditions G\u00e9n\u00e9rales<\/h3><p>Nous nous r\u00e9servons le droit de modifier ces conditions g\u00e9n\u00e9rales \u00e0 tout moment sans pr\u00e9avis. La version mise \u00e0 jour sera disponible sur notre site internet.<\/p><h3>9. Informations de Contact<\/h3><p>Pour toute information ou demande, vous pouvez nous contacter via notre site internet ou aux coordonn\u00e9es fournies dans la section contact.<\/p>\t\t\t\t\t\t\t\t<\/div>\n\t\t\t\t<\/div>\n\t\t\t\t\t<\/div>\n\t\t\t\t<\/div>\n\t\t\t\t<\/div>\n\t\t","protected":false},"excerpt":{"rendered":"<p>Conditions G\u00e9n\u00e9rales pour les Excursions en Quad \u00a0 1. Introduction Bienvenue dans notre service d&rsquo;excursions en quad. En participant \u00e0 nos tours, vous acceptez les conditions g\u00e9n\u00e9rales suivantes. 2. R\u00e9servation et Paiement Le paiement de l&rsquo;excursion se fait le jour de la sortie, avant le d\u00e9but de l&rsquo;activit\u00e9. Nous acceptons les paiements en esp\u00e8ces et [&hellip;]<\/p>\n","protected":false},"author":1,"featured_media":0,"parent":0,"menu_order":0,"comment_status":"closed","ping_status":"closed","template":"","meta":{"inline_featured_image":false,"footnotes":""},"class_list":["post-7337","page","type-page","status-publish","hentry"],"_links":{"self":[{"href":"https:\/\/www.siciliaquad.com\/fr\/wp-json\/wp\/v2\/pages\/7337","targetHints":{"allow":["GET"]}}],"collection":[{"href":"https:\/\/www.siciliaquad.com\/fr\/wp-json\/wp\/v2\/pages"}],"about":[{"href":"https:\/\/www.siciliaquad.com\/fr\/wp-json\/wp\/v2\/types\/page"}],"author":[{"embeddable":true,"href":"https:\/\/www.siciliaquad.com\/fr\/wp-json\/wp\/v2\/users\/1"}],"replies":[{"embeddable":true,"href":"https:\/\/www.siciliaquad.com\/fr\/wp-json\/wp\/v2\/comments?post=7337"}],"version-history":[{"count":7,"href":"https:\/\/www.siciliaquad.com\/fr\/wp-json\/wp\/v2\/pages\/7337\/revisions"}],"predecessor-version":[{"id":7344,"href":"https:\/\/www.siciliaquad.com\/fr\/wp-json\/wp\/v2\/pages\/7337\/revisions\/7344"}],"wp:attachment":[{"href":"https:\/\/www.siciliaquad.com\/fr\/wp-json\/wp\/v2\/media?parent=7337"}],"curies":[{"name":"wp","href":"https:\/\/api.w.org\/{rel}","templated":true}]}}